{"id":3521,"date":"2025-11-06T12:02:56","date_gmt":"2025-11-06T11:02:56","guid":{"rendered":"https:\/\/shop.marco-systems.com\/?post_type=product&#038;p=3521"},"modified":"2026-03-11T11:06:53","modified_gmt":"2026-03-11T10:06:53","slug":"marco-pneumatic-dispensing-valve","status":"publish","type":"product","link":"https:\/\/shop.marco-systems.com\/en\/product\/marco-pneumatic-dispensing-valve\/","title":{"rendered":"marco pneumatic dispensing valve"},"content":{"rendered":"<p><strong>Pre\u00adcise dis\u00adpens\u00ading. Com\u00adpact design. Easy inte\u00adgra\u00adtion.  <\/strong><\/p>\n<p>Direct con\u00adtrol input<br>\nThe valve only requires a com\u00adpressed air con\u00adnec\u00adtion and a 24&nbsp;V trig\u00adger sig\u00adnal \u2013 no addi\u00adtion\u00adal con\u00adtrol unit, no HMI. The trig\u00adger sig\u00adnal can be sup\u00adplied direct\u00adly by an automa\u00adtion sys\u00adtem, a robot, or a dig\u00adi\u00adtal I\/O mod\u00adule. This reduces instal\u00adla\u00adtion time and gets the sys\u00adtem up and run\u00adning quick\u00adly.  <\/p>\n<p><strong>Max\u00adi\u00admum stroke for coarse fillers<\/strong><br>\nCom\u00adpared to a stan\u00addard piezo valve, the mar\u00adco mtv\/pv\/20a pneu\u00admat\u00adic dis\u00adpens\u00ading valve has a 4\u2011fold stroke and can be used to dis\u00adpense flu\u00adids with par\u00adti\u00adcle sizes of up to 200\u00b5m. <\/p>\n<p><a href=\"https:\/\/shop.marco-systems.com\/en\/product\/pneumatic-valve-kit\/\">Read more about the pneu\u00admat\u00adic valve kit \u2197<\/a><\/p>\n<p>&nbsp;<\/p>\n<hr>\n<p>&nbsp;<\/p>\n<p><strong>Fea\u00adtures and ben\u00ade\u00adfits<\/strong><\/p>\n<ul>\n<li>Elec\u00adtri\u00adcal\u00adly actu\u00adat\u00aded with 24 V trig\u00adger<br>\n\u25ba direct con\u00adtrol input \u2011no con\u00adtroller or HMI required \u2013 easy inte\u00adgra\u00adtion into exist\u00ading PLC\/SPS automa\u00adtion sys\u00adtems<\/li>\n<li>Requires only com\u00adpressed air and 24 V<br>\n\u25ba sim\u00adple con\u00adnec\u00adtion and oper\u00ada\u00adtion \u2013 reduces sys\u00adtem com\u00adplex\u00adi\u00adty<\/li>\n<li>1 mm stroke open\u00ading<br>\n\u25ba enables dis\u00adpens\u00ading of media con\u00adtain\u00ading larg\u00ader par\u00adti\u00adcles<\/li>\n<li>Dis\u00adpens\u00ading fre\u00adquen\u00adcy up to 20 Hz<br>\n\u25ba high\u00ader process speed \u2013 up to 20 dis\u00adpens\u00ading cycles per sec\u00adond<\/li>\n<li>Com\u00adpact design<br>\n\u25ba ide\u00adal even for tight instal\u00adla\u00adtion spaces or mod\u00adu\u00adlar sys\u00adtem lay\u00adouts<\/li>\n<li>Mod\u00adu\u00adlar design<br>\n\u25ba inter\u00adchange\u00adable com\u00adpo\u00adnents such as valve seat, flu\u00adid body, and car\u00adtridge \u2013 reduced main\u00adte\u00adnance and spare parts inven\u00adto\u00adry<\/li>\n<li>Media-sep\u00ada\u00adrat\u00aded actu\u00ada\u00adtor<br>\n\u25ba no wear parts in the actu\u00ada\u00adtor \u2013 main\u00adte\u00adnance-free and durable<\/li>\n<li>Suit\u00adable for vis\u00adcous, abra\u00adsive, and paste-like media<br>\n\u25ba wide appli\u00adca\u00adtion range with\u00adout spe\u00adcial valve require\u00adments \u2013 from adhe\u00adsives to greas\u00ades.<\/li>\n<li>Com\u00adpat\u00adi\u00adble with mar\u00adco sys\u00adtem com\u00adpo\u00adnents<br>\n\u25ba full sys\u00adtem inte\u00adgra\u00adtion \u2013 reuse of exist\u00ading mar\u00adco valve seats, and oth\u00ader parts<\/li>\n<\/ul>\n<p>&nbsp;<\/p>\n<hr>\n<p>&nbsp;<\/p>\n<p><strong>Tech\u00adni\u00adcal Data:<\/strong><\/p>\n<ul>\n<li>Elec\u00adtri\u00adcal con\u00adnec\u00adtion: 24 VDC<\/li>\n<li>Pow\u00ader con\u00adsump\u00adtion: 1 W<\/li>\n<li>Oper\u00adat\u00ading pres\u00adsure: 5\u20138 bar<\/li>\n<li>Media pres\u00adsure: up to 100 bar<\/li>\n<li>Max. dis\u00adpens\u00ading fre\u00adquen\u00adcy: 20 Hz <\/li>\n<li>Vis\u00adcos\u00adi\u00adty range: 1 mPas \u2013 paste-like<\/li>\n<li>Media tem\u00adper\u00ada\u00adture range: up to 75 \u00b0C<\/li>\n<li>Com\u00adpat\u00adi\u00adble media: adhe\u00adsives, poly\u00admers, oils, sol\u00advents, greas\u00ades, aque\u00adous solu\u00adtions, filled mate\u00adri\u00adals<\/li>\n<li>Dimen\u00adsions (L\u00d7W\u00d7H): 57 \u00d7 14 \u00d7 61.7 mm<\/li>\n<li>Weight: 125 g<\/li>\n<\/ul>\n<p>&nbsp;<\/p>\n<p>&nbsp;<\/p>\n","protected":false},"excerpt":{"rendered":"<p>mar\u00adco pneu\u00admat\u00adic dis\u00adpens\u00ading valve \u2013 direct con\u00adtrol input<\/p>\n","protected":false},"featured_media":3564,"template":"","meta":{"wp_typography_post_enhancements_disabled":false},"product_brand":[],"product_cat":[58],"product_tag":[68],"class_list":{"0":"post-3521","1":"product","2":"type-product","3":"status-publish","4":"has-post-thumbnail","6":"product_cat-spare-parts","7":"product_tag-download-en","9":"first","10":"instock","11":"taxable","12":"shipping-taxable","13":"purchasable","14":"product-type-simple"},"yoast_head":"<!-- This site is optimized with the Yoast SEO plugin v27.3 - https:\/\/yoast.com\/product\/yoast-seo-wordpress\/ -->\n<title>marco pneumatic dispensing valve \u2013 direct control input<\/title>\n<meta name=\"description\" content=\"Pneumatic dispensing valve with direct control and high cycle rate. Also suitable for paste-like media. Learn more now or order online.\" \/>\n<meta name=\"robots\" content=\"index, follow, max-snippet:-1, max-image-preview:large, max-video-preview:-1\" \/>\n<link rel=\"canonical\" href=\"https:\/\/shop.marco-systems.com\/en\/product\/marco-pneumatic-dispensing-valve\/\" \/>\n<meta property=\"og:locale\" content=\"en_US\" \/>\n<meta property=\"og:type\" content=\"article\" \/>\n<meta property=\"og:title\" content=\"marco pneumatic dispensing valve \u2013 direct control input\" \/>\n<meta property=\"og:description\" content=\"Pneumatic dispensing valve with direct control and high cycle rate. Also suitable for paste-like media. Learn more now or order online.\" \/>\n<meta property=\"og:url\" content=\"https:\/\/shop.marco-systems.com\/en\/product\/marco-pneumatic-dispensing-valve\/\" \/>\n<meta property=\"og:site_name\" content=\"marco Precision Dispensing Systems\" \/>\n<meta property=\"article:modified_time\" content=\"2026-03-11T10:06:53+00:00\" \/>\n<meta property=\"og:image\" content=\"https:\/\/shop.marco-systems.com\/wp-content\/uploads\/SP-1520-Systems-Visuals-1800px-x-1200px-Pneumatikventil-ohne-Ventileinsatz.webp\" \/>\n\t<meta property=\"og:image:width\" content=\"1800\" \/>\n\t<meta property=\"og:image:height\" content=\"1200\" \/>\n\t<meta property=\"og:image:type\" content=\"image\/webp\" \/>\n<meta name=\"twitter:card\" content=\"summary_large_image\" \/>\n<meta name=\"twitter:label1\" content=\"Est. reading time\" \/>\n\t<meta name=\"twitter:data1\" content=\"2 minutes\" \/>\n<script type=\"application\/ld+json\" class=\"yoast-schema-graph\">{\"@context\":\"https:\\\/\\\/schema.org\",\"@graph\":[{\"@type\":\"WebPage\",\"@id\":\"https:\\\/\\\/shop.marco-systems.com\\\/en\\\/product\\\/marco-pneumatic-dispensing-valve\\\/\",\"url\":\"https:\\\/\\\/shop.marco-systems.com\\\/en\\\/product\\\/marco-pneumatic-dispensing-valve\\\/\",\"name\":\"marco pneumatic dispensing valve \u2013 direct control input\",\"isPartOf\":{\"@id\":\"https:\\\/\\\/shop.marco-systems.com\\\/en\\\/#website\"},\"primaryImageOfPage\":{\"@id\":\"https:\\\/\\\/shop.marco-systems.com\\\/en\\\/product\\\/marco-pneumatic-dispensing-valve\\\/#primaryimage\"},\"image\":{\"@id\":\"https:\\\/\\\/shop.marco-systems.com\\\/en\\\/product\\\/marco-pneumatic-dispensing-valve\\\/#primaryimage\"},\"thumbnailUrl\":\"https:\\\/\\\/shop.marco-systems.com\\\/wp-content\\\/uploads\\\/SP-1520-Systems-Visuals-1800px-x-1200px-Pneumatikventil-ohne-Ventileinsatz.webp\",\"datePublished\":\"2025-11-06T11:02:56+00:00\",\"dateModified\":\"2026-03-11T10:06:53+00:00\",\"description\":\"Pneumatic dispensing valve with direct control and high cycle rate. Also suitable for paste-like media. Learn more now or order online.\",\"breadcrumb\":{\"@id\":\"https:\\\/\\\/shop.marco-systems.com\\\/en\\\/product\\\/marco-pneumatic-dispensing-valve\\\/#breadcrumb\"},\"inLanguage\":\"en-US\",\"potentialAction\":[{\"@type\":\"ReadAction\",\"target\":[\"https:\\\/\\\/shop.marco-systems.com\\\/en\\\/product\\\/marco-pneumatic-dispensing-valve\\\/\"]}]},{\"@type\":\"ImageObject\",\"inLanguage\":\"en-US\",\"@id\":\"https:\\\/\\\/shop.marco-systems.com\\\/en\\\/product\\\/marco-pneumatic-dispensing-valve\\\/#primaryimage\",\"url\":\"https:\\\/\\\/shop.marco-systems.com\\\/wp-content\\\/uploads\\\/SP-1520-Systems-Visuals-1800px-x-1200px-Pneumatikventil-ohne-Ventileinsatz.webp\",\"contentUrl\":\"https:\\\/\\\/shop.marco-systems.com\\\/wp-content\\\/uploads\\\/SP-1520-Systems-Visuals-1800px-x-1200px-Pneumatikventil-ohne-Ventileinsatz.webp\",\"width\":1800,\"height\":1200},{\"@type\":\"BreadcrumbList\",\"@id\":\"https:\\\/\\\/shop.marco-systems.com\\\/en\\\/product\\\/marco-pneumatic-dispensing-valve\\\/#breadcrumb\",\"itemListElement\":[{\"@type\":\"ListItem\",\"position\":1,\"name\":\"Shop\",\"item\":\"https:\\\/\\\/shop.marco-systems.com\\\/en\\\/shop\\\/\"},{\"@type\":\"ListItem\",\"position\":2,\"name\":\"marco pneumatic dispensing valve\"}]},{\"@type\":\"WebSite\",\"@id\":\"https:\\\/\\\/shop.marco-systems.com\\\/en\\\/#website\",\"url\":\"https:\\\/\\\/shop.marco-systems.com\\\/en\\\/\",\"name\":\"marco Precision Dispensing Systems\",\"description\":\"Onlineshop\",\"publisher\":{\"@id\":\"https:\\\/\\\/shop.marco-systems.com\\\/en\\\/#organization\"},\"potentialAction\":[{\"@type\":\"SearchAction\",\"target\":{\"@type\":\"EntryPoint\",\"urlTemplate\":\"https:\\\/\\\/shop.marco-systems.com\\\/en\\\/?s={search_term_string}\"},\"query-input\":{\"@type\":\"PropertyValueSpecification\",\"valueRequired\":true,\"valueName\":\"search_term_string\"}}],\"inLanguage\":\"en-US\"},{\"@type\":\"Organization\",\"@id\":\"https:\\\/\\\/shop.marco-systems.com\\\/en\\\/#organization\",\"name\":\"marco Precision Dispensing Systems\",\"url\":\"https:\\\/\\\/shop.marco-systems.com\\\/en\\\/\",\"logo\":{\"@type\":\"ImageObject\",\"inLanguage\":\"en-US\",\"@id\":\"https:\\\/\\\/shop.marco-systems.com\\\/en\\\/#\\\/schema\\\/logo\\\/image\\\/\",\"url\":\"https:\\\/\\\/shop.marco-systems.com\\\/wp-content\\\/uploads\\\/marco-logo.png\",\"contentUrl\":\"https:\\\/\\\/shop.marco-systems.com\\\/wp-content\\\/uploads\\\/marco-logo.png\",\"width\":334,\"height\":312,\"caption\":\"marco Precision Dispensing Systems\"},\"image\":{\"@id\":\"https:\\\/\\\/shop.marco-systems.com\\\/en\\\/#\\\/schema\\\/logo\\\/image\\\/\"}}]}<\/script>\n<!-- \/ Yoast SEO plugin. -->","yoast_head_json":{"title":"marco pneumatic dispensing valve \u2013 direct control input","description":"Pneumatic dispensing valve with direct control and high cycle rate. Also suitable for paste-like media. Learn more now or order online.","robots":{"index":"index","follow":"follow","max-snippet":"max-snippet:-1","max-image-preview":"max-image-preview:large","max-video-preview":"max-video-preview:-1"},"canonical":"https:\/\/shop.marco-systems.com\/en\/product\/marco-pneumatic-dispensing-valve\/","og_locale":"en_US","og_type":"article","og_title":"marco pneumatic dispensing valve \u2013 direct control input","og_description":"Pneumatic dispensing valve with direct control and high cycle rate. Also suitable for paste-like media. Learn more now or order online.","og_url":"https:\/\/shop.marco-systems.com\/en\/product\/marco-pneumatic-dispensing-valve\/","og_site_name":"marco Precision Dispensing Systems","article_modified_time":"2026-03-11T10:06:53+00:00","og_image":[{"width":1800,"height":1200,"url":"https:\/\/shop.marco-systems.com\/wp-content\/uploads\/SP-1520-Systems-Visuals-1800px-x-1200px-Pneumatikventil-ohne-Ventileinsatz.webp","type":"image\/webp"}],"twitter_card":"summary_large_image","twitter_misc":{"Est. reading time":"2 minutes"},"schema":{"@context":"https:\/\/schema.org","@graph":[{"@type":"WebPage","@id":"https:\/\/shop.marco-systems.com\/en\/product\/marco-pneumatic-dispensing-valve\/","url":"https:\/\/shop.marco-systems.com\/en\/product\/marco-pneumatic-dispensing-valve\/","name":"marco pneumatic dispensing valve \u2013 direct control input","isPartOf":{"@id":"https:\/\/shop.marco-systems.com\/en\/#website"},"primaryImageOfPage":{"@id":"https:\/\/shop.marco-systems.com\/en\/product\/marco-pneumatic-dispensing-valve\/#primaryimage"},"image":{"@id":"https:\/\/shop.marco-systems.com\/en\/product\/marco-pneumatic-dispensing-valve\/#primaryimage"},"thumbnailUrl":"https:\/\/shop.marco-systems.com\/wp-content\/uploads\/SP-1520-Systems-Visuals-1800px-x-1200px-Pneumatikventil-ohne-Ventileinsatz.webp","datePublished":"2025-11-06T11:02:56+00:00","dateModified":"2026-03-11T10:06:53+00:00","description":"Pneumatic dispensing valve with direct control and high cycle rate. Also suitable for paste-like media. Learn more now or order online.","breadcrumb":{"@id":"https:\/\/shop.marco-systems.com\/en\/product\/marco-pneumatic-dispensing-valve\/#breadcrumb"},"inLanguage":"en-US","potentialAction":[{"@type":"ReadAction","target":["https:\/\/shop.marco-systems.com\/en\/product\/marco-pneumatic-dispensing-valve\/"]}]},{"@type":"ImageObject","inLanguage":"en-US","@id":"https:\/\/shop.marco-systems.com\/en\/product\/marco-pneumatic-dispensing-valve\/#primaryimage","url":"https:\/\/shop.marco-systems.com\/wp-content\/uploads\/SP-1520-Systems-Visuals-1800px-x-1200px-Pneumatikventil-ohne-Ventileinsatz.webp","contentUrl":"https:\/\/shop.marco-systems.com\/wp-content\/uploads\/SP-1520-Systems-Visuals-1800px-x-1200px-Pneumatikventil-ohne-Ventileinsatz.webp","width":1800,"height":1200},{"@type":"BreadcrumbList","@id":"https:\/\/shop.marco-systems.com\/en\/product\/marco-pneumatic-dispensing-valve\/#breadcrumb","itemListElement":[{"@type":"ListItem","position":1,"name":"Shop","item":"https:\/\/shop.marco-systems.com\/en\/shop\/"},{"@type":"ListItem","position":2,"name":"marco pneumatic dispensing valve"}]},{"@type":"WebSite","@id":"https:\/\/shop.marco-systems.com\/en\/#website","url":"https:\/\/shop.marco-systems.com\/en\/","name":"marco Precision Dispensing Systems","description":"Onlineshop","publisher":{"@id":"https:\/\/shop.marco-systems.com\/en\/#organization"},"potentialAction":[{"@type":"SearchAction","target":{"@type":"EntryPoint","urlTemplate":"https:\/\/shop.marco-systems.com\/en\/?s={search_term_string}"},"query-input":{"@type":"PropertyValueSpecification","valueRequired":true,"valueName":"search_term_string"}}],"inLanguage":"en-US"},{"@type":"Organization","@id":"https:\/\/shop.marco-systems.com\/en\/#organization","name":"marco Precision Dispensing Systems","url":"https:\/\/shop.marco-systems.com\/en\/","logo":{"@type":"ImageObject","inLanguage":"en-US","@id":"https:\/\/shop.marco-systems.com\/en\/#\/schema\/logo\/image\/","url":"https:\/\/shop.marco-systems.com\/wp-content\/uploads\/marco-logo.png","contentUrl":"https:\/\/shop.marco-systems.com\/wp-content\/uploads\/marco-logo.png","width":334,"height":312,"caption":"marco Precision Dispensing Systems"},"image":{"@id":"https:\/\/shop.marco-systems.com\/en\/#\/schema\/logo\/image\/"}}]}},"_links":{"self":[{"href":"https:\/\/shop.marco-systems.com\/en\/wp-json\/wp\/v2\/product\/3521","targetHints":{"allow":["GET"]}}],"collection":[{"href":"https:\/\/shop.marco-systems.com\/en\/wp-json\/wp\/v2\/product"}],"about":[{"href":"https:\/\/shop.marco-systems.com\/en\/wp-json\/wp\/v2\/types\/product"}],"wp:featuredmedia":[{"embeddable":true,"href":"https:\/\/shop.marco-systems.com\/en\/wp-json\/wp\/v2\/media\/3564"}],"wp:attachment":[{"href":"https:\/\/shop.marco-systems.com\/en\/wp-json\/wp\/v2\/media?parent=3521"}],"wp:term":[{"taxonomy":"product_brand","embeddable":true,"href":"https:\/\/shop.marco-systems.com\/en\/wp-json\/wp\/v2\/product_brand?post=3521"},{"taxonomy":"product_cat","embeddable":true,"href":"https:\/\/shop.marco-systems.com\/en\/wp-json\/wp\/v2\/product_cat?post=3521"},{"taxonomy":"product_tag","embeddable":true,"href":"https:\/\/shop.marco-systems.com\/en\/wp-json\/wp\/v2\/product_tag?post=3521"}],"curies":[{"name":"wp","href":"https:\/\/api.w.org\/{rel}","templated":true}]}}